{"id":443,"date":"2024-12-15T15:49:28","date_gmt":"2024-12-15T12:49:28","guid":{"rendered":"https:\/\/sitiforwarding.gr\/lagienda\/"},"modified":"2025-01-26T20:34:39","modified_gmt":"2025-01-26T17:34:39","slug":"lagienda","status":"publish","type":"page","link":"https:\/\/sitiforwarding.gr\/it\/lagienda\/","title":{"rendered":"Lagienda"},"content":{"rendered":"<div class=\"wpb-content-wrapper\"><p>[vc_row css=&#8221;.vc_custom_1437124947903{margin-bottom: 70px !important;}&#8221;][vc_column width=&#8221;1\/2&#8243;][vc_custom_heading text=&#8221;CHI SIAMO&#8221; font_container=&#8221;tag:h2|text_align:left|color:%23111111&#8243; use_theme_fonts=&#8221;yes&#8221; css=&#8221;.vc_custom_1734267254010{margin-bottom: 40px !important;}&#8221; el_class=&#8221;style3&#8243;][vc_column_text css=&#8221;&#8221; el_class=&#8221;gray&#8221;]<span style=\"color: #000000;\">S I T I e stata fondata all&#8217;inizio degli anni &#8217;80 ed \u00e8 attiva nel trasporto internazionale da e verso la Grecia, specializzata nei trasporti stradali. Durante tutti questi 40 anni, abbiamo rappresentato grande aziende di trasporto all&#8217;estero, con la collaborazione delle quali serviamo alcune delle pi\u00f9 grandi societ\u00e0 in Grecia, costruendo con pazienza e responsabilit\u00e0 una base di clienti stabile e permanente. La nostra priorit\u00e0 \u00e8 sempre stata quella di combinare il miglior servizio al&#8217; cliente (che preferiamo vedere come partner e amico) con il costo pi\u00f9 economico possibile. Ci\u00f2 si ottiene con il nostro personale esperto che -come il trasporto non si ferma mai- si trova 365 giorni all&#8217;anno a disposizione dei nostri clienti, con i quali abbiamo creato un rapporto stretto che ormai \u00e8 principalmente caratterizzato da un genuino interesso per le loro esigenze, mentre il loro riconoscimento attivo, \u00e8 la pi\u00f9 grande soddisfazione per noi.Operiamo da quattro decenni con lo slogan &#8220;<strong>Prima di tutto il cliente !<\/strong>&#8221;<br \/>\nE continuiamo&#8230; <\/span>[\/vc_column_text][\/vc_column][vc_column width=&#8221;1\/2&#8243;][vc_custom_heading text=&#8221;LA NOSTRA MISSIONE&#8221; font_container=&#8221;tag:h2|text_align:left|color:%23111111&#8243; use_theme_fonts=&#8221;yes&#8221; css=&#8221;.vc_custom_1437041311391{margin-bottom: 40px !important;}&#8221; el_class=&#8221;style3&#8243;][vc_progress_bar values=&#8221;%5B%7B%22label%22%3A%22GROUND%20TRANSPORT%22%2C%22value%22%3A%2290%22%7D%2C%7B%22label%22%3A%22CARGO%22%2C%22value%22%3A%2280%22%7D%2C%7B%22label%22%3A%22WAREHOUSING%22%2C%22value%22%3A%2270%22%7D%2C%7B%22label%22%3A%22LOGISTIC%20SERVICES%22%2C%22value%22%3A%2270%22%7D%5D&#8221; css=&#8221;&#8221; el_class=&#8221;skills&#8221;][\/vc_column][\/vc_row][vc_row css=&#8221;.vc_custom_1437125830010{margin-bottom: 70px !important;}&#8221;][vc_column width=&#8221;1\/3&#8243;][vc_custom_heading text=&#8221;LA NOSTRA MISSIONE&#8221; font_container=&#8221;tag:h2|text_align:left|color:%23111111&#8243; use_theme_fonts=&#8221;yes&#8221; css=&#8221;.vc_custom_1734267751404{margin-bottom: 40px !important;}&#8221; el_class=&#8221;style3&#8243;][vc_single_image image=&#8221;75&#8243; img_size=&#8221;large&#8221; css=&#8221;.vc_custom_1734268636422{margin-bottom: 35px !important;}&#8221;][vc_column_text css=&#8221;&#8221;]SITI Forwarding \u00e8 stata fondata con la visione di fornire servizi di qualit\u00e0 ai prezzi pi\u00f9 competitivi del mercato nell\u2019ambiente altamente esigente dei trasporti. La nostra azienda mantiene un costante percorso di sviluppo con investimenti e innovazioni, con l\u2019obiettivo di adattarsi e rispondere alle nuove esigenze e sfide del settore della movimentazione e del trasporto.<br \/>\n[\/vc_column_text][\/vc_column][vc_column width=&#8221;1\/3&#8243;][vc_custom_heading text=&#8221;COLLABORAZIONI&#8221; font_container=&#8221;tag:h2|text_align:left|color:%23111111&#8243; use_theme_fonts=&#8221;yes&#8221; css=&#8221;.vc_custom_1734267588961{margin-bottom: 40px !important;}&#8221; el_class=&#8221;style3&#8243;][vc_single_image image=&#8221;76&#8243; img_size=&#8221;large&#8221; css=&#8221;.vc_custom_1734268666029{margin-bottom: 35px !important;}&#8221;][vc_column_text css=&#8221;&#8221;]SITI FORWARDING vanta una delle pi\u00f9 alte medie europee<br \/>\n<strong>in termini di durata delle collaborazioni con i propri clienti<\/strong>, con un impressionante record di <strong>21,75 ANNI per cliente!<\/strong> Ringraziamo sinceramente tutti coloro che, per tanti anni, ci onorano con la loro fiducia, e promettiamo di non adagiarci sugli allori, ma di continuare con lo stesso entusiasmo e amore per ci\u00f2 che facciamo.[\/vc_column_text][\/vc_column][vc_column width=&#8221;1\/3&#8243;][vc_custom_heading text=&#8221;TEMPO DI TRANSITO&#8221; font_container=&#8221;tag:h2|text_align:left|color:%23111111&#8243; use_theme_fonts=&#8221;yes&#8221; css=&#8221;.vc_custom_1734267612038{margin-bottom: 40px !important;}&#8221; el_class=&#8221;style3&#8243;][vc_single_image image=&#8221;77&#8243; img_size=&#8221;large&#8221; css=&#8221;.vc_custom_1734268677212{margin-bottom: 35px !important;}&#8221;][vc_column_text css=&#8221;&#8221;]SITI FORWARDING ha raggiunto il tempo <strong>di transito pi\u00f9 breve registrato per il trasporto su strada<\/strong> dall&#8217;Italia ad Atene, che \u00e8 di <strong>22 ORE di tempo effettivo<\/strong>! E questo non avviene solo occasionalmente, ma da 25 anni, con le nostre partenze urgenti dalla parte settentrionale d\u2019Italia (camion dedicati), che partono regolarmente ogni settimana.[\/vc_column_text][\/vc_column][\/vc_row][vc_row full_width=&#8221;stretch_row&#8221; css=&#8221;.vc_custom_1435652900959{margin-bottom: 0px !important;border-top-width: 1px !important;padding-top: 50px !important;padding-bottom: 50px !important;background-color: #eeeeee !important;border-top-color: #dddddd !important;border-top-style: solid !important;}&#8221; el_class=&#8221;align-right&#8221;][vc_column width=&#8221;2\/3&#8243; css=&#8221;.vc_custom_1460444331430{padding-top: 0px !important;padding-bottom: 0px !important;}&#8221;][vc_custom_heading text=&#8221;Non sei sicuro di quale soluzione si adatti alle tue esigenze aziendali?&#8221; font_container=&#8221;tag:h3|font_size:18|text_align:left|color:%23111111&#8243; use_theme_fonts=&#8221;yes&#8221; css=&#8221;.vc_custom_1734852483843{margin-top: 10px !important;}&#8221;][\/vc_column][vc_column width=&#8221;1\/3&#8243; css=&#8221;.vc_custom_1460444338315{padding-top: 0px !important;padding-bottom: 0px !important;}&#8221;][thememove_button text=&#8221;CONTATTACI&#8221; url=&#8221;\/it\/contatti\/&#8221;][\/vc_column][\/vc_row]<\/p>\n<\/div>","protected":false},"excerpt":{"rendered":"<p>[vc_row css=&#8221;.vc_custom_1437124947903{margin-bottom: 70px !important;}&#8221;][vc_column width=&#8221;1\/2&#8243;][vc_custom_heading text=&#8221;CHI SIAMO&#8221; font_container=&#8221;tag:h2|text_align:left|color:%23111111&#8243; use_theme_fonts=&#8221;yes&#8221; css=&#8221;.vc_custom_1734267254010{margin-bottom: 40px !important;}&#8221; el_class=&#8221;style3&#8243;][vc_column_text css=&#8221;&#8221; el_class=&#8221;gray&#8221;]S I T I e stata [&hellip;]<\/p>\n","protected":false},"author":1,"featured_media":0,"parent":0,"menu_order":0,"comment_status":"closed","ping_status":"closed","template":"","meta":{"footnotes":""},"class_list":["post-443","page","type-page","status-publish","hentry"],"_links":{"self":[{"href":"https:\/\/sitiforwarding.gr\/it\/wp-json\/wp\/v2\/pages\/443","targetHints":{"allow":["GET"]}}],"collection":[{"href":"https:\/\/sitiforwarding.gr\/it\/wp-json\/wp\/v2\/pages"}],"about":[{"href":"https:\/\/sitiforwarding.gr\/it\/wp-json\/wp\/v2\/types\/page"}],"author":[{"embeddable":true,"href":"https:\/\/sitiforwarding.gr\/it\/wp-json\/wp\/v2\/users\/1"}],"replies":[{"embeddable":true,"href":"https:\/\/sitiforwarding.gr\/it\/wp-json\/wp\/v2\/comments?post=443"}],"version-history":[{"count":6,"href":"https:\/\/sitiforwarding.gr\/it\/wp-json\/wp\/v2\/pages\/443\/revisions"}],"predecessor-version":[{"id":724,"href":"https:\/\/sitiforwarding.gr\/it\/wp-json\/wp\/v2\/pages\/443\/revisions\/724"}],"wp:attachment":[{"href":"https:\/\/sitiforwarding.gr\/it\/wp-json\/wp\/v2\/media?parent=443"}],"curies":[{"name":"wp","href":"https:\/\/api.w.org\/{rel}","templated":true}]}}