{"id":573,"date":"2024-11-10T10:40:47","date_gmt":"2024-11-10T07:40:47","guid":{"rendered":"https:\/\/sitiforwarding.gr\/home-2\/"},"modified":"2025-02-04T11:41:32","modified_gmt":"2025-02-04T08:41:32","slug":"home-2","status":"publish","type":"page","link":"https:\/\/sitiforwarding.gr\/it\/","title":{"rendered":"Home"},"content":{"rendered":"<div class=\"wpb-content-wrapper\"><p>[vc_row css=&#8221;.vc_custom_1633684998379{margin-top: 0px !important;margin-right: 0px !important;margin-bottom: 0px !important;margin-left: 0px !important;}&#8221;][vc_column offset=&#8221;vc_hidden-sm vc_hidden-xs&#8221;][rev_slider_vc alias=&#8221;tm-slider-01-1&#8243;][\/vc_column][\/vc_row][vc_row css=&#8221;.vc_custom_1734876049377{border-top-width: 30px !important;}&#8221;][vc_column offset=&#8221;vc_hidden-lg&#8221;][vc_column_text css=&#8221;&#8221;]<\/p>\n<table style=\"border-collapse: collapse; width: 100%; height: 24px;\">\n<tbody>\n<tr style=\"height: 24px;\">\n<td style=\"width: 33.3333%; height: 24px; text-align: center;\"><a href=\"https:\/\/sitiforwarding.gr\/\"><img loading=\"lazy\" decoding=\"async\" class=\"alignnone size-full wp-image-349\" src=\"https:\/\/sitiforwarding.gr\/wp-content\/uploads\/Greece.png\" alt=\"\" width=\"32\" height=\"32\" \/><\/a><\/td>\n<td style=\"width: 33.3333%; height: 24px; text-align: center;\"><a href=\"https:\/\/sitiforwarding.gr\/it\/\"><img loading=\"lazy\" decoding=\"async\" class=\"alignnone size-full wp-image-369\" src=\"https:\/\/sitiforwarding.gr\/wp-content\/uploads\/Italy.png\" alt=\"\" width=\"32\" height=\"32\" \/><\/a><\/td>\n<td style=\"width: 33.3333%; height: 24px; text-align: center;\"><a href=\"https:\/\/sitiforwarding.gr\/en\/\"><img loading=\"lazy\" decoding=\"async\" class=\"alignnone size-full wp-image-372\" src=\"https:\/\/sitiforwarding.gr\/wp-content\/uploads\/United-Kingdom.png\" alt=\"\" width=\"32\" height=\"32\" \/><\/a><\/td>\n<\/tr>\n<\/tbody>\n<\/table>\n<p>[\/vc_column_text][\/vc_column][\/vc_row][vc_row css=&#8221;.vc_custom_1738658491714{margin-bottom: 0px !important;padding-top: 50px !important;padding-bottom: 50px !important;}&#8221; el_class=&#8221;services1&#8243;][vc_column css=&#8221;.vc_custom_1460365725131{padding-top: 0px !important;padding-bottom: 0px !important;}&#8221;][vc_custom_heading text=&#8221;SERVIZI&#8221; font_container=&#8221;tag:h2|text_align:center|color:%23111111&#8243; use_theme_fonts=&#8221;yes&#8221; css=&#8221;.vc_custom_1734463244035{margin-bottom: 60px !important;}&#8221; el_class=&#8221;style1&#8243;][\/vc_column][vc_column width=&#8221;1\/2&#8243;][vc_row_inner][vc_column_inner width=&#8221;1\/4&#8243;][vc_icon icon_fontawesome=&#8221;fas fa-truck-moving&#8221; size=&#8221;lg&#8221; align=&#8221;center&#8221; css_animation=&#8221;appear&#8221; css=&#8221;&#8221; link=&#8221;url:https%3A%2F%2Fsitiforwarding.gr%2Fypiresies%2Fodikes-metafores%2F|title:%CE%94%CE%B9%CE%B5%CE%B8%CE%BD%CE%B5%CE%AF%CF%82%20%CE%BF%CE%B4%CE%B9%CE%BA%CE%AD%CF%82%20%CE%BC%CE%B5%CF%84%CE%B1%CF%86%CE%BF%CF%81%CE%AD%CF%82&#8243;][\/vc_column_inner][vc_column_inner width=&#8221;3\/4&#8243;][vc_custom_heading text=&#8221;TRASPORTI STRADALI INTERNAZIONALI&#8221; font_container=&#8221;tag:h3|font_size:18|text_align:left|color:%23111111&#8243; use_theme_fonts=&#8221;yes&#8221; css=&#8221;.vc_custom_1734463430125{margin-bottom: 10px !important;padding-top: 15px !important;}&#8221; link=&#8221;url:https%3A%2F%2Fsitiforwarding.gr%2Fypiresies%2Fodikes-metafores%2F|title:%CE%94%CE%B9%CE%B5%CE%B8%CE%BD%CE%B5%CE%AF%CF%82%20%CE%BF%CE%B4%CE%B9%CE%BA%CE%AD%CF%82%20%CE%BC%CE%B5%CF%84%CE%B1%CF%86%CE%BF%CF%81%CE%AD%CF%82&#8243;][vc_custom_heading text=&#8221;Questo \u00e8 un settore delle attivit\u00e0 di trasporto per il quale il mercato offre numerose soluzioni per il mercato greco&#8230;&#8221; font_container=&#8221;tag:p|font_size:14|text_align:left|color:%23878787&#8243; use_theme_fonts=&#8221;yes&#8221; css=&#8221;.vc_custom_1734943457305{margin-bottom: 20px !important;}&#8221; link=&#8221;url:https%3A%2F%2Fsitiforwarding.gr%2Fypiresies%2Fodikes-metafores%2F|title:%CE%94%CE%B9%CE%B5%CE%B8%CE%BD%CE%B5%CE%AF%CF%82%20%CE%BF%CE%B4%CE%B9%CE%BA%CE%AD%CF%82%20%CE%BC%CE%B5%CF%84%CE%B1%CF%86%CE%BF%CF%81%CE%AD%CF%82&#8243;][\/vc_column_inner][\/vc_row_inner][\/vc_column][vc_column width=&#8221;1\/2&#8243;][vc_row_inner][vc_column_inner width=&#8221;1\/4&#8243;][vc_icon icon_fontawesome=&#8221;fas fa-tint&#8221; size=&#8221;lg&#8221; align=&#8221;center&#8221; css_animation=&#8221;appear&#8221; css=&#8221;&#8221; link=&#8221;url:https%3A%2F%2Fsitiforwarding.gr%2Fypiresies%2Fmetafores-eyflekton-kai-ygron%2F|title:%CE%9C%CE%B5%CF%84%CE%B1%CF%86%CE%BF%CF%81%CE%B5%CF%82%20%CE%B5%CF%85%CF%86%CE%BB%CE%B5%CE%BA%CF%84%CF%89%CE%BD%20%CE%BA%CE%B1%CE%B9%20%CF%85%CE%B3%CF%81%CF%89%CE%BD&#8221;][\/vc_column_inner][vc_column_inner width=&#8221;3\/4&#8243;][vc_custom_heading text=&#8221;TRASPORTI DI SOSTANZE INFIAMMABILI E LIQUIDI&#8221; font_container=&#8221;tag:h3|font_size:18|text_align:left|color:%23111111&#8243; use_theme_fonts=&#8221;yes&#8221; css=&#8221;.vc_custom_1737879982311{margin-bottom: 10px !important;padding-top: 15px !important;}&#8221; link=&#8221;url:https%3A%2F%2Fsitiforwarding.gr%2Fypiresies%2Fcrossdocking-logistics-emporeymaton%2F|title:Crossdocking%20%CE%BA%CE%B1%CE%B9%20Logistics&#8221;][vc_custom_heading text=&#8221;La sicurezza \u00e8 di primaria importanza per la nostra azienda e questo \u00e8 ci\u00f2 che \u00e8 richiesto nei trasporti di sostanze infiammabili e liquide&#8230;&#8221; font_container=&#8221;tag:p|font_size:14|text_align:left|color:%23878787&#8243; use_theme_fonts=&#8221;yes&#8221; css=&#8221;.vc_custom_1737879954456{margin-bottom: 20px !important;}&#8221; link=&#8221;url:https%3A%2F%2Fsitiforwarding.gr%2Fypiresies%2Fcrossdocking-logistics-emporeymaton%2F|title:Crossdocking%20%CE%BA%CE%B1%CE%B9%20Logistics&#8221;][\/vc_column_inner][\/vc_row_inner][\/vc_column][vc_column width=&#8221;1\/2&#8243;][vc_row_inner][vc_column_inner width=&#8221;1\/4&#8243;][vc_icon type=&#8221;material&#8221; icon_material=&#8221;vc-material vc-material-unarchive&#8221; size=&#8221;lg&#8221; align=&#8221;center&#8221; css_animation=&#8221;appear&#8221; css=&#8221;&#8221; link=&#8221;url:https%3A%2F%2Fsitiforwarding.gr%2Fypiresies%2Fmetafores-eidikon-fortion%2F|title:%CE%9C%CE%B5%CF%84%CE%B1%CF%86%CE%BF%CF%81%CE%AD%CF%82%20%CE%B5%CE%B9%CE%B4%CE%B9%CE%BA%CF%8E%CE%BD%20%CF%86%CE%BF%CF%81%CF%84%CE%AF%CF%89%CE%BD&#8221;][\/vc_column_inner][vc_column_inner width=&#8221;3\/4&#8243;][vc_custom_heading text=&#8221;TRASPORTI DI MERCI SPECIALI&#8221; font_container=&#8221;tag:h3|font_size:18|text_align:left|color:%23111111&#8243; use_theme_fonts=&#8221;yes&#8221; css=&#8221;.vc_custom_1737880196294{margin-bottom: 10px !important;padding-top: 15px !important;}&#8221; link=&#8221;url:https%3A%2F%2Fsitiforwarding.gr%2Fypiresies%2Fcrossdocking-logistics-emporeymaton%2F|title:Crossdocking%20%CE%BA%CE%B1%CE%B9%20Logistics&#8221;][vc_custom_heading text=&#8221;I trasporti delle merci speciali richiedono la massima responsabilit\u00e0. La nostra azienda noleggia i camion adeguati, che soddisfano&#8230;&#8221; font_container=&#8221;tag:p|font_size:14|text_align:left|color:%23878787&#8243; use_theme_fonts=&#8221;yes&#8221; css=&#8221;.vc_custom_1737880185450{margin-bottom: 20px !important;}&#8221; link=&#8221;url:https%3A%2F%2Fsitiforwarding.gr%2Fypiresies%2Fcrossdocking-logistics-emporeymaton%2F|title:Crossdocking%20%CE%BA%CE%B1%CE%B9%20Logistics&#8221;][\/vc_column_inner][\/vc_row_inner][\/vc_column][vc_column width=&#8221;1\/2&#8243;][vc_row_inner][vc_column_inner width=&#8221;1\/4&#8243;][vc_icon icon_fontawesome=&#8221;fas fa-boxes&#8221; size=&#8221;lg&#8221; align=&#8221;center&#8221; css_animation=&#8221;appear&#8221; css=&#8221;&#8221; link=&#8221;url:https%3A%2F%2Fsitiforwarding.gr%2Fypiresies%2Fcrossdocking-logistics-emporeymaton%2F|title:Crossdocking%20%CE%BA%CE%B1%CE%B9%20Logistics&#8221;][\/vc_column_inner][vc_column_inner width=&#8221;3\/4&#8243;][vc_custom_heading text=&#8221;CROSSDOCKING E LOGISTICA&#8221; font_container=&#8221;tag:h3|font_size:18|text_align:left|color:%23111111&#8243; use_theme_fonts=&#8221;yes&#8221; css=&#8221;.vc_custom_1734943477579{margin-bottom: 10px !important;padding-top: 15px !important;}&#8221; link=&#8221;url:https%3A%2F%2Fsitiforwarding.gr%2Fypiresies%2Fcrossdocking-logistics-emporeymaton%2F|title:Crossdocking%20%CE%BA%CE%B1%CE%B9%20Logistics&#8221;][vc_custom_heading text=&#8221;L&#8217;era moderna ha portato nuove esigenze nei dati di movimentazione e trasporto, a cui la SITI FORWARDING ha risposto&#8230;&#8221; font_container=&#8221;tag:p|font_size:14|text_align:left|color:%23878787&#8243; use_theme_fonts=&#8221;yes&#8221; css=&#8221;.vc_custom_1734948683400{margin-bottom: 20px !important;}&#8221; link=&#8221;url:https%3A%2F%2Fsitiforwarding.gr%2Fypiresies%2Fcrossdocking-logistics-emporeymaton%2F|title:Crossdocking%20%CE%BA%CE%B1%CE%B9%20Logistics&#8221;][\/vc_column_inner][\/vc_row_inner][\/vc_column][\/vc_row][vc_row full_width=&#8221;stretch_row&#8221; parallax=&#8221;content-moving&#8221; parallax_image=&#8221;118&#8243; css=&#8221;.vc_custom_1734463954106{margin-bottom: 0px !important;padding-top: 0px !important;padding-bottom: 0px !important;}&#8221; el_class=&#8221;request&#8221;][vc_column width=&#8221;1\/2&#8243;][\/vc_column][vc_column width=&#8221;1\/2&#8243; css=&#8221;.vc_custom_1460365714493{padding-top: 0px !important;padding-bottom: 0px !important;}&#8221;][vc_custom_heading text=&#8221;CONTATTACI&#8221; font_container=&#8221;tag:h2|text_align:left|color:%23ffffff&#8221; use_theme_fonts=&#8221;yes&#8221; css=&#8221;.vc_custom_1734852302034{margin-bottom: 50px !important;padding-top: 90px !important;}&#8221; el_class=&#8221;style2&#8243;][vc_custom_heading text=&#8221;Inviaci un messaggio se hai domande e risponderemo nel pi\u00f9 breve tempo possibile.&#8221; font_container=&#8221;tag:div|text_align:center|color:%23FFFFFF&#8221; use_theme_fonts=&#8221;yes&#8221; css=&#8221;.vc_custom_1734852331539{margin-bottom: 35px !important;}&#8221;]\n<div class=\"wpcf7 no-js\" id=\"wpcf7-f705-o1\" lang=\"el\" dir=\"ltr\" data-wpcf7-id=\"705\">\n<div class=\"screen-reader-response\"><p role=\"status\" aria-live=\"polite\" aria-atomic=\"true\"><\/p> <ul><\/ul><\/div>\n<form action=\"\/it\/wp-json\/wp\/v2\/pages\/573#wpcf7-f705-o1\" method=\"post\" class=\"wpcf7-form init\" aria-label=\"\u03a6\u03cc\u03c1\u03bc\u03b1 \u03b5\u03c0\u03b9\u03ba\u03bf\u03b9\u03bd\u03c9\u03bd\u03af\u03b1\u03c2\" novalidate=\"novalidate\" data-status=\"init\">\n<fieldset class=\"hidden-fields-container\"><input type=\"hidden\" name=\"_wpcf7\" value=\"705\" \/><input type=\"hidden\" name=\"_wpcf7_version\" value=\"6.1.5\" \/><input type=\"hidden\" name=\"_wpcf7_locale\" value=\"el\" \/><input type=\"hidden\" name=\"_wpcf7_unit_tag\" value=\"wpcf7-f705-o1\" \/><input type=\"hidden\" name=\"_wpcf7_container_post\" value=\"0\" \/><input type=\"hidden\" name=\"_wpcf7_posted_data_hash\" value=\"\" \/><input type=\"hidden\" name=\"_wpcf7_recaptcha_response\" value=\"\" \/>\n<\/fieldset>\n<div class=\"form1\">\n\t<div class=\"row\">\n\t\t<div class=\"col-md-6\">\n\t\t\t<p><span class=\"wpcf7-form-control-wrap\" data-name=\"your-name\"><input size=\"40\" maxlength=\"400\" class=\"wpcf7-form-control wpcf7-text wpcf7-validates-as-required\" aria-required=\"true\" aria-invalid=\"false\" placeholder=\"Il tuo nome qui\" value=\"\" type=\"text\" name=\"your-name\" \/><\/span><br \/>\n<span class=\"wpcf7-form-control-wrap\" data-name=\"your-email\"><input size=\"40\" maxlength=\"400\" class=\"wpcf7-form-control wpcf7-email wpcf7-validates-as-required wpcf7-text wpcf7-validates-as-email\" aria-required=\"true\" aria-invalid=\"false\" placeholder=\"La tua email\" value=\"\" type=\"email\" name=\"your-email\" \/><\/span>\n\t\t\t<\/p>\n\t\t<\/div>\n\t\t<div class=\"col-md-6\">\n\t\t\t<p><span class=\"wpcf7-form-control-wrap\" data-name=\"your-subject\"><input size=\"40\" maxlength=\"400\" class=\"wpcf7-form-control wpcf7-text\" aria-invalid=\"false\" placeholder=\"Oggetto\" value=\"\" type=\"text\" name=\"your-subject\" \/><\/span><br \/>\n<span class=\"wpcf7-form-control-wrap\" data-name=\"your-phone\"><input size=\"40\" maxlength=\"400\" class=\"wpcf7-form-control wpcf7-text wpcf7-validates-as-required\" aria-required=\"true\" aria-invalid=\"false\" placeholder=\"Telefono\" value=\"\" type=\"text\" name=\"your-phone\" \/><\/span>\n\t\t\t<\/p>\n\t\t<\/div>\n\t\t<div class=\"col-md-12\">\n\t\t\t<p><span class=\"wpcf7-form-control-wrap\" data-name=\"your-message\"><textarea cols=\"40\" rows=\"10\" maxlength=\"2000\" class=\"wpcf7-form-control wpcf7-textarea\" aria-invalid=\"false\" placeholder=\"Il tuo messaggio\" name=\"your-message\"><\/textarea><\/span>\n\t\t\t<\/p>\n\t\t<\/div>\n\t\n\t\t<div class=\"col-md-12 center\">\n\t\t\t<p><input class=\"wpcf7-form-control wpcf7-submit has-spinner\" type=\"submit\" value=\"Invia messaggio\" \/>\n\t\t\t<\/p>\n\t\t<\/div>\n\t<\/div>\n<\/div><div class=\"wpcf7-response-output\" aria-hidden=\"true\"><\/div>\n<\/form>\n<\/div>\n[vc_empty_space height=&#8221;60px&#8221;][\/vc_column][\/vc_row][vc_row full_width=&#8221;stretch_row&#8221; css=&#8221;.vc_custom_1738499006871{margin-top: 70px !important;margin-right: 0px !important;margin-bottom: 0px !important;margin-left: 0px !important;padding-top: 0px !important;padding-bottom: 70px !important;}&#8221; el_class=&#8221;services2&#8243;][vc_column][vc_row_inner][vc_column_inner width=&#8221;1\/3&#8243;][vc_icon icon_fontawesome=&#8221;fa fa-binoculars&#8221; color=&#8221;custom&#8221; size=&#8221;lg&#8221; custom_color=&#8221;#232331&#8243;][vc_custom_heading text=&#8221;LA NOSTRA MISSIONE&#8221; font_container=&#8221;tag:h2|text_align:left|color:%23ca1f26&#8243; use_theme_fonts=&#8221;yes&#8221; css=&#8221;.vc_custom_1738489012135{margin-top: -20px !important;margin-bottom: 10px !important;}&#8221; el_class=&#8221;style5&#8243;][vc_column_text css=&#8221;&#8221; el_class=&#8221;gray&#8221;]SITI Forwarding \u00e8 stata fondata con la visione di offrire servizi di qualit\u00e0 ai prezzi pi\u00f9 competitivi del mercato nell\u2019ambiente altamente esigente dei trasporti.[\/vc_column_text][\/vc_column_inner][vc_column_inner width=&#8221;1\/3&#8243;][vc_icon icon_fontawesome=&#8221;fas fa-lightbulb&#8221; color=&#8221;custom&#8221; size=&#8221;lg&#8221; css=&#8221;&#8221; custom_color=&#8221;#232331&#8243;][vc_custom_heading text=&#8221;LA NOSTRA FILOSOFIA&#8221; font_container=&#8221;tag:h2|text_align:left|color:%23ca1f26&#8243; use_theme_fonts=&#8221;yes&#8221; css=&#8221;.vc_custom_1738489046096{margin-top: -20px !important;margin-bottom: 10px !important;}&#8221; el_class=&#8221;style5&#8243;][vc_column_text css=&#8221;&#8221; el_class=&#8221;gray&#8221;]<\/p>\n<div class=\"vc_tta-panel-body\">\n<div class=\"wpb_text_column wpb_content_element\">\n<div class=\"wpb_wrapper\">\n<p>La nostra priorit\u00e0 \u00e8 costruire rapporti di reciproca fiducia con i nostri clienti, e per questo il loro riconoscimento concreto rappresenta per noi la massima soddisfazione.<\/p>\n<\/div>\n<\/div>\n<\/div>\n<p>[\/vc_column_text][\/vc_column_inner][vc_column_inner width=&#8221;1\/3&#8243;][vc_icon icon_fontawesome=&#8221;fa fa-line-chart&#8221; color=&#8221;custom&#8221; size=&#8221;lg&#8221; custom_color=&#8221;#232331&#8243;][vc_custom_heading text=&#8221;LA NOSTRA VISIONE&#8221; font_container=&#8221;tag:h2|text_align:left|color:%23ca1f26&#8243; use_theme_fonts=&#8221;yes&#8221; css=&#8221;.vc_custom_1738489064958{margin-top: -20px !important;margin-bottom: 10px !important;}&#8221; el_class=&#8221;style5&#8243;][vc_column_text css=&#8221;&#8221; el_class=&#8221;gray&#8221;]La nostra azienda mantiene un percorso di crescita stabile con investimenti e innovazioni, mirando ad adattarsi e rispondere alle nuove esigenze e sfide del settore della logistica e dei trasporti.[\/vc_column_text][\/vc_column_inner][\/vc_row_inner][vc_row_inner][vc_column_inner width=&#8221;1\/3&#8243;][vc_icon type=&#8221;entypo&#8221; icon_entypo=&#8221;entypo-icon entypo-icon-shuffle&#8221; color=&#8221;custom&#8221; size=&#8221;lg&#8221; css=&#8221;&#8221; custom_color=&#8221;#232331&#8243;][vc_custom_heading text=&#8221;SOLUZIONI INNOVATIVE&#8221; font_container=&#8221;tag:h2|text_align:left|color:%23ca1f26&#8243; use_theme_fonts=&#8221;yes&#8221; css=&#8221;.vc_custom_1738489083615{margin-top: -20px !important;margin-bottom: 10px !important;}&#8221; el_class=&#8221;style5&#8243;][vc_column_text css=&#8221;&#8221; el_class=&#8221;gray&#8221;]La scelta della soluzione pi\u00f9 adatta in termini di rapporto qualit\u00e0-prezzo per l&#8217;esecuzione di un servizio di trasporto \u00e8 un processo che richiede tempo. Inoltre, i costi di trasporto sono un fattore determinante nella scelta di acquisto di prodotti e\/o merci.[\/vc_column_text][\/vc_column_inner][vc_column_inner width=&#8221;1\/3&#8243;][vc_icon icon_fontawesome=&#8221;fa fa-users&#8221; color=&#8221;custom&#8221; size=&#8221;lg&#8221; custom_color=&#8221;#232331&#8243;][vc_custom_heading text=&#8221;COLLABORAZIONI&#8221; font_container=&#8221;tag:h2|text_align:left|color:%23ca1f26&#8243; use_theme_fonts=&#8221;yes&#8221; css=&#8221;.vc_custom_1738489110650{margin-top: -20px !important;margin-bottom: 10px !important;}&#8221; el_class=&#8221;style5&#8243;][vc_column_text css=&#8221;&#8221; el_class=&#8221;gray&#8221;]SITI Forwarding ha uno dei pi\u00f9 alti tassi di durata media della collaborazione con i suoi clienti a livello europeo, raggiungendo il sorprendente record di 21,75 ANNI per cliente![\/vc_column_text][\/vc_column_inner][vc_column_inner width=&#8221;1\/3&#8243;][vc_icon icon_fontawesome=&#8221;fa fa-puzzle-piece&#8221; color=&#8221;custom&#8221; size=&#8221;lg&#8221; custom_color=&#8221;#232331&#8243;][vc_custom_heading text=&#8221;OLTRE 40 ANNI DI ESPERIENZA&#8221; font_container=&#8221;tag:h2|text_align:left|color:%23ca1f26&#8243; use_theme_fonts=&#8221;yes&#8221; css=&#8221;.vc_custom_1738489125777{margin-top: -20px !important;margin-bottom: 10px !important;}&#8221; el_class=&#8221;style5&#8243;][vc_column_text css=&#8221;&#8221; el_class=&#8221;gray&#8221;]Quattro decenni operiamo con il motto:<br \/>\n&#8220;<strong>Prima il cliente<\/strong>&#8220;!<br \/>\nE continuiamo\u2026[\/vc_column_text][\/vc_column_inner][\/vc_row_inner][\/vc_column][\/vc_row]<\/p>\n<\/div>","protected":false},"excerpt":{"rendered":"<p>[vc_row css=&#8221;.vc_custom_1633684998379{margin-top: 0px !important;margin-right: 0px !important;margin-bottom: 0px !important;margin-left: 0px !important;}&#8221;][vc_column offset=&#8221;vc_hidden-sm vc_hidden-xs&#8221;][rev_slider_vc alias=&#8221;tm-slider-01-1&#8243;][\/vc_column][\/vc_row][vc_row css=&#8221;.vc_custom_1734876049377{border-top-width: 30px !important;}&#8221;][vc_column offset=&#8221;vc_hidden-lg&#8221;][vc_column_text css=&#8221;&#8221;] [\/vc_column_text][\/vc_column][\/vc_row][vc_row css=&#8221;.vc_custom_1738658491714{margin-bottom: [&hellip;]<\/p>\n","protected":false},"author":1,"featured_media":0,"parent":0,"menu_order":0,"comment_status":"closed","ping_status":"open","template":"","meta":{"footnotes":""},"class_list":["post-573","page","type-page","status-publish","hentry"],"_links":{"self":[{"href":"https:\/\/sitiforwarding.gr\/it\/wp-json\/wp\/v2\/pages\/573","targetHints":{"allow":["GET"]}}],"collection":[{"href":"https:\/\/sitiforwarding.gr\/it\/wp-json\/wp\/v2\/pages"}],"about":[{"href":"https:\/\/sitiforwarding.gr\/it\/wp-json\/wp\/v2\/types\/page"}],"author":[{"embeddable":true,"href":"https:\/\/sitiforwarding.gr\/it\/wp-json\/wp\/v2\/users\/1"}],"replies":[{"embeddable":true,"href":"https:\/\/sitiforwarding.gr\/it\/wp-json\/wp\/v2\/comments?post=573"}],"version-history":[{"count":13,"href":"https:\/\/sitiforwarding.gr\/it\/wp-json\/wp\/v2\/pages\/573\/revisions"}],"predecessor-version":[{"id":940,"href":"https:\/\/sitiforwarding.gr\/it\/wp-json\/wp\/v2\/pages\/573\/revisions\/940"}],"wp:attachment":[{"href":"https:\/\/sitiforwarding.gr\/it\/wp-json\/wp\/v2\/media?parent=573"}],"curies":[{"name":"wp","href":"https:\/\/api.w.org\/{rel}","templated":true}]}}