{"id":577,"date":"2024-12-15T15:44:14","date_gmt":"2024-12-15T12:44:14","guid":{"rendered":"https:\/\/sitiforwarding.gr\/servizi\/"},"modified":"2025-02-02T14:49:38","modified_gmt":"2025-02-02T11:49:38","slug":"servizi","status":"publish","type":"page","link":"https:\/\/sitiforwarding.gr\/it\/servizi\/","title":{"rendered":"Servizi"},"content":{"rendered":"<div class=\"wpb-content-wrapper\"><p>[vc_row css=&#8221;.vc_custom_1435220468505{margin-bottom: 0px !important;padding-top: 70px !important;padding-bottom: 50px !important;}&#8221; el_class=&#8221;services1&#8243;][vc_column css=&#8221;.vc_custom_1460365725131{padding-top: 0px !important;padding-bottom: 0px !important;}&#8221;][vc_custom_heading text=&#8221;I Nostri Servizi&#8221; font_container=&#8221;tag:h2|text_align:center|color:%23111111&#8243; use_theme_fonts=&#8221;yes&#8221; css=&#8221;.vc_custom_1734463244035{margin-bottom: 60px !important;}&#8221; el_class=&#8221;style1&#8243;][\/vc_column][\/vc_row][vc_row el_class=&#8221;services1&#8243; css=&#8221;.vc_custom_1734856913922{margin-bottom: 50px !important;}&#8221;][vc_column width=&#8221;1\/2&#8243;][vc_row_inner][vc_column_inner width=&#8221;1\/4&#8243;][vc_icon icon_fontawesome=&#8221;fas fa-truck-moving&#8221; size=&#8221;lg&#8221; align=&#8221;center&#8221; css_animation=&#8221;appear&#8221; css=&#8221;&#8221;][\/vc_column_inner][vc_column_inner width=&#8221;3\/4&#8243;][vc_custom_heading text=&#8221;TRASPORTI STRADALI INTERNAZIONALI A CAMION COMPLETI&#8221; font_container=&#8221;tag:h3|font_size:18|text_align:left|color:%23111111&#8243; use_theme_fonts=&#8221;yes&#8221; css=&#8221;.vc_custom_1737900891720{margin-bottom: 10px !important;padding-top: 15px !important;}&#8221; link=&#8221;url:https%3A%2F%2Fsitiforwarding.gr%2Fit%2Fservizi%2Ftrasporti-stradali-internazionali%2F|title:Trasporti%20stradali%20internazionali&#8221;][vc_custom_heading text=&#8221;Si tratta di una parte dell&#8217;attivit\u00e0 di trasporto per la quale il mercato offre numerose soluzioni alla clientela greca&#8230;&#8221; font_container=&#8221;tag:p|font_size:14|text_align:left|color:%23878787&#8243; use_theme_fonts=&#8221;yes&#8221; css=&#8221;.vc_custom_1734857028847{margin-bottom: 20px !important;}&#8221;]<div class=\" ubtn-ctn-right \"><a class=\"ubtn-link ult-adjust-bottom-margin ubtn-right ubtn-small \" href=\"https:\/\/sitiforwarding.gr\/it\/servizi\/trasporti-stradali-internazionali\/\" title=\"Trasporti stradali internazionali\" ><button type=\"button\" id=\"ubtn-9099\"  class=\"ubtn ult-adjust-bottom-margin ult-responsive ubtn-small ubtn-left-bg  none  ubtn-right   tooltip-69f2389b701cf\"  data-hover=\"#FFFFFF\" data-border-color=\"\" data-bg=\"#ED1C24\" data-hover-bg=\"#232331\" data-border-hover=\"\" data-shadow-hover=\"\" data-shadow-click=\"none\" data-shadow=\"\" data-shd-shadow=\"\"  data-ultimate-target='#ubtn-9099'  data-responsive-json-new='{\"font-size\":\"desktop:14px;\",\"line-height\":\"\"}'  style=\"font-weight:normal;border:none;background: #ED1C24;color: #FFFFFF;\"><span class=\"ubtn-hover\" style=\"background-color:#232331\"><\/span><span class=\"ubtn-data ubtn-text \" >SCOPRI DI PI\u00d9<\/span><\/button><\/a><\/div>[\/vc_column_inner][\/vc_row_inner][\/vc_column][vc_column width=&#8221;1\/2&#8243;][vc_row_inner][vc_column_inner width=&#8221;1\/4&#8243;][vc_icon icon_fontawesome=&#8221;fas fa-truck&#8221; size=&#8221;lg&#8221; align=&#8221;center&#8221; css_animation=&#8221;appear&#8221; css=&#8221;&#8221;][\/vc_column_inner][vc_column_inner width=&#8221;3\/4&#8243;][vc_custom_heading text=&#8221;TRASPORTI STRADALI INTERNAZIONALI GROUPAGE&#8221; font_container=&#8221;tag:h3|font_size:18|text_align:left|color:%23111111&#8243; use_theme_fonts=&#8221;yes&#8221; css=&#8221;.vc_custom_1737900948008{margin-bottom: 10px !important;padding-top: 15px !important;}&#8221; link=&#8221;url:https%3A%2F%2Fsitiforwarding.gr%2Fit%2Fservizi%2Ftrasporti-stradali-internazionali-in-modalita-groupage%2F|title:Trasporti%20stradali%20internazionali%20in%20modalit%C3%A0%20groupage.&#8221;][vc_custom_heading text=&#8221;L&#8217;era moderna ha introdotto nuove esigenze nei dati di movimentazione e trasporto, alle quali la SITI FORWARDING ha risposto prontamente&#8230;&#8221; font_container=&#8221;tag:p|font_size:14|text_align:left|color:%23878787&#8243; use_theme_fonts=&#8221;yes&#8221; css=&#8221;.vc_custom_1734463675916{margin-bottom: 20px !important;}&#8221;]<div class=\" ubtn-ctn-right \"><a class=\"ubtn-link ult-adjust-bottom-margin ubtn-right ubtn-small \" href=\"https:\/\/sitiforwarding.gr\/it\/servizi\/trasporti-stradali-internazionali-in-modalita-groupage\/\" title=\"\u0394\u03b9\u03b5\u03b8\u03bd\u03b5\u03af\u03c2 \u03bf\u03b4\u03b9\u03ba\u03ad\u03c2 \u03bc\u03b5\u03c4\u03b1\u03c6\u03bf\u03c1\u03ad\u03c2 Groupage\" ><button type=\"button\" id=\"ubtn-2720\"  class=\"ubtn ult-adjust-bottom-margin ult-responsive ubtn-small ubtn-left-bg  none  ubtn-right   tooltip-69f2389b702aa\"  data-hover=\"#FFFFFF\" data-border-color=\"\" data-bg=\"#ED1C24\" data-hover-bg=\"#232331\" data-border-hover=\"\" data-shadow-hover=\"\" data-shadow-click=\"none\" data-shadow=\"\" data-shd-shadow=\"\"  data-ultimate-target='#ubtn-2720'  data-responsive-json-new='{\"font-size\":\"desktop:14px;\",\"line-height\":\"\"}'  style=\"font-weight:normal;border:none;background: #ED1C24;color: #FFFFFF;\"><span class=\"ubtn-hover\" style=\"background-color:#232331\"><\/span><span class=\"ubtn-data ubtn-text \" >SCOPRI DI PI\u00d9<\/span><\/button><\/a><\/div>[\/vc_column_inner][\/vc_row_inner][\/vc_column][\/vc_row][vc_row el_class=&#8221;services1&#8243; css=&#8221;.vc_custom_1734856565745{margin-bottom: 50px !important;}&#8221;][vc_column width=&#8221;1\/2&#8243;][vc_row_inner][vc_column_inner width=&#8221;1\/4&#8243;][vc_icon icon_fontawesome=&#8221;fas fa-boxes&#8221; size=&#8221;lg&#8221; align=&#8221;center&#8221; css_animation=&#8221;appear&#8221; css=&#8221;&#8221;][\/vc_column_inner][vc_column_inner width=&#8221;3\/4&#8243;][vc_custom_heading text=&#8221;CROSSDOCKING E LOGISTICA DELLE MERCI&#8221; font_container=&#8221;tag:h3|font_size:18|text_align:left|color:%23111111&#8243; use_theme_fonts=&#8221;yes&#8221; css=&#8221;.vc_custom_1738496784275{margin-bottom: 10px !important;padding-top: 15px !important;}&#8221; link=&#8221;url:https%3A%2F%2Fsitiforwarding.gr%2Fit%2Fservizi%2Fcrossdocking-e-logistica%2F|title:Crossdocking%20%CE%BA%CE%B1%CE%B9%20Logistics&#8221;][vc_custom_heading text=&#8221;L&#8217;era moderna ha introdotto nuove esigenze nei dati di movimentazione e trasporto, alle quali la SITI FORWARDING ha risposto in modo immediato ed efficace&#8230;&#8221; font_container=&#8221;tag:p|font_size:14|text_align:left|color:%23878787&#8243; use_theme_fonts=&#8221;yes&#8221; css=&#8221;.vc_custom_1734857354389{margin-bottom: 20px !important;}&#8221;]<div class=\" ubtn-ctn-right \"><a class=\"ubtn-link ult-adjust-bottom-margin ubtn-right ubtn-small \" href=\"https:\/\/sitiforwarding.gr\/it\/servizi\/crossdocking-e-logistica\/\" title=\"Crossdocking \u03ba\u03b1\u03b9 Logistics\" ><button type=\"button\" id=\"ubtn-9664\"  class=\"ubtn ult-adjust-bottom-margin ult-responsive ubtn-small ubtn-left-bg  none  ubtn-right   tooltip-69f2389b70313\"  data-hover=\"#FFFFFF\" data-border-color=\"\" data-bg=\"#ED1C24\" data-hover-bg=\"#232331\" data-border-hover=\"\" data-shadow-hover=\"\" data-shadow-click=\"none\" data-shadow=\"\" data-shd-shadow=\"\"  data-ultimate-target='#ubtn-9664'  data-responsive-json-new='{\"font-size\":\"desktop:14px;\",\"line-height\":\"\"}'  style=\"font-weight:normal;border:none;background: #ED1C24;color: #FFFFFF;\"><span class=\"ubtn-hover\" style=\"background-color:#232331\"><\/span><span class=\"ubtn-data ubtn-text \" >SCOPRI DI PI\u00d9<\/span><\/button><\/a><\/div>[\/vc_column_inner][\/vc_row_inner][\/vc_column][vc_column width=&#8221;1\/2&#8243;][vc_row_inner][vc_column_inner width=&#8221;1\/4&#8243;][vc_icon icon_fontawesome=&#8221;fas fa-exchange-alt&#8221; size=&#8221;lg&#8221; align=&#8221;center&#8221; css_animation=&#8221;appear&#8221; css=&#8221;&#8221;][\/vc_column_inner][vc_column_inner width=&#8221;3\/4&#8243;][vc_custom_heading text=&#8221;DISTRIBUZIONI E PROMOZIONI DI CARICHI IN GRECIA&#8221; font_container=&#8221;tag:h3|font_size:18|text_align:left|color:%23111111&#8243; use_theme_fonts=&#8221;yes&#8221; css=&#8221;.vc_custom_1737899719464{margin-bottom: 10px !important;padding-top: 15px !important;}&#8221; link=&#8221;url:https%3A%2F%2Fsitiforwarding.gr%2Fit%2Fservizi%2Fdistribuzione-e-inoltro-dei-carichi%2F|title:Distribuzione%20e%20inoltro%20dei%20carichi&#8221;][vc_custom_heading text=&#8221;Effettuiamo le consegne dei carichi provenienti dall&#8217;estero per la nostra clientela, utilizzando per l&#8217;area dell&#8217;Attica e le province limitrofe&#8230;&#8221; font_container=&#8221;tag:p|font_size:14|text_align:left|color:%23878787&#8243; use_theme_fonts=&#8221;yes&#8221; css=&#8221;.vc_custom_1734857379516{margin-bottom: 20px !important;}&#8221;]<div class=\" ubtn-ctn-right \"><a class=\"ubtn-link ult-adjust-bottom-margin ubtn-right ubtn-small \" href=\"https:\/\/sitiforwarding.gr\/it\/servizi\/distribuzione-e-inoltro-dei-carichi\/\" title=\"Distribuzione e inoltro dei carichi\" ><button type=\"button\" id=\"ubtn-6110\"  class=\"ubtn ult-adjust-bottom-margin ult-responsive ubtn-small ubtn-left-bg  none  ubtn-right   tooltip-69f2389b70385\"  data-hover=\"#FFFFFF\" data-border-color=\"\" data-bg=\"#ED1C24\" data-hover-bg=\"#232331\" data-border-hover=\"\" data-shadow-hover=\"\" data-shadow-click=\"none\" data-shadow=\"\" data-shd-shadow=\"\"  data-ultimate-target='#ubtn-6110'  data-responsive-json-new='{\"font-size\":\"desktop:14px;\",\"line-height\":\"\"}'  style=\"font-weight:normal;border:none;background: #ED1C24;color: #FFFFFF;\"><span class=\"ubtn-hover\" style=\"background-color:#232331\"><\/span><span class=\"ubtn-data ubtn-text \" >SCOPRI DI PI\u00d9<\/span><\/button><\/a><\/div>[\/vc_column_inner][\/vc_row_inner][\/vc_column][\/vc_row][vc_row el_class=&#8221;services1&#8243; css=&#8221;.vc_custom_1734856565745{margin-bottom: 50px !important;}&#8221;][vc_column width=&#8221;1\/2&#8243;][vc_row_inner][vc_column_inner width=&#8221;1\/4&#8243;][vc_icon type=&#8221;material&#8221; icon_material=&#8221;vc-material vc-material-unarchive&#8221; size=&#8221;lg&#8221; align=&#8221;center&#8221; css_animation=&#8221;appear&#8221; css=&#8221;&#8221;][\/vc_column_inner][vc_column_inner width=&#8221;3\/4&#8243;][vc_custom_heading text=&#8221;TRASPORTI DI CARICHI SPECIALI, MERCI DEPERIBILI E MOBILI DI CASA&#8221; font_container=&#8221;tag:h3|font_size:18|text_align:left|color:%23111111&#8243; use_theme_fonts=&#8221;yes&#8221; css=&#8221;.vc_custom_1737901475815{margin-bottom: 10px !important;padding-top: 15px !important;}&#8221; link=&#8221;url:https%3A%2F%2Fsitiforwarding.gr%2Fit%2Fservizi%2Ftrasporti-di-carichi-speciali%2F|title:Trasporti%20di%20carichi%20speciali&#8221;][vc_custom_heading text=&#8221;Il trasporto di carichi speciali richiede la massima responsabilit\u00e0. La nostra azienda noleggia i camion adeguati, conformi alla legislazione&#8230;&#8221; font_container=&#8221;tag:p|font_size:14|text_align:left|color:%23878787&#8243; use_theme_fonts=&#8221;yes&#8221; css=&#8221;.vc_custom_1734862033841{margin-bottom: 20px !important;}&#8221;]<div class=\" ubtn-ctn-right \"><a class=\"ubtn-link ult-adjust-bottom-margin ubtn-right ubtn-small \" href=\"https:\/\/sitiforwarding.gr\/it\/servizi\/trasporti-di-carichi-speciali\/\" title=\"Trasporti di carichi speciali\" ><button type=\"button\" id=\"ubtn-8810\"  class=\"ubtn ult-adjust-bottom-margin ult-responsive ubtn-small ubtn-left-bg  none  ubtn-right   tooltip-69f2389b703e3\"  data-hover=\"#FFFFFF\" data-border-color=\"\" data-bg=\"#ED1C24\" data-hover-bg=\"#232331\" data-border-hover=\"\" data-shadow-hover=\"\" data-shadow-click=\"none\" data-shadow=\"\" data-shd-shadow=\"\"  data-ultimate-target='#ubtn-8810'  data-responsive-json-new='{\"font-size\":\"desktop:14px;\",\"line-height\":\"\"}'  style=\"font-weight:normal;border:none;background: #ED1C24;color: #FFFFFF;\"><span class=\"ubtn-hover\" style=\"background-color:#232331\"><\/span><span class=\"ubtn-data ubtn-text \" >SCOPRI DI PI\u00d9<\/span><\/button><\/a><\/div>[\/vc_column_inner][\/vc_row_inner][\/vc_column][vc_column width=&#8221;1\/2&#8243;][vc_row_inner][vc_column_inner width=&#8221;1\/4&#8243;][vc_icon icon_fontawesome=&#8221;fas fa-tint&#8221; size=&#8221;lg&#8221; align=&#8221;center&#8221; css_animation=&#8221;appear&#8221; css=&#8221;&#8221;][\/vc_column_inner][vc_column_inner width=&#8221;3\/4&#8243;][vc_custom_heading text=&#8221;TRASPORTI DI MERCI INFIAMMABILI E LIQUIDE&#8221; font_container=&#8221;tag:h3|font_size:18|text_align:left|color:%23111111&#8243; use_theme_fonts=&#8221;yes&#8221; css=&#8221;.vc_custom_1737902159447{margin-bottom: 10px !important;padding-top: 15px !important;}&#8221; link=&#8221;url:https%3A%2F%2Fsitiforwarding.gr%2Fit%2Fservizi%2Ftrasporti-di-materiali-infiammabili-e-liquidi%2F|title:Trasporti%20di%20materiali%20infiammabili%20e%20liquidi&#8221;][vc_custom_heading text=&#8221;La sicurezza \u00e8 di primaria importanza per la nostra azienda e questo \u00e8 ci\u00f2 che \u00e8 richiesto nei trasporti di sostanze infiammabili e liquidi&#8230;&#8221; font_container=&#8221;tag:p|font_size:14|text_align:left|color:%23878787&#8243; use_theme_fonts=&#8221;yes&#8221; css=&#8221;.vc_custom_1734463740634{margin-bottom: 20px !important;}&#8221;]<div class=\" ubtn-ctn-right \"><a class=\"ubtn-link ult-adjust-bottom-margin ubtn-right ubtn-small \" href=\"https:\/\/sitiforwarding.gr\/it\/servizi\/trasporti-di-materiali-infiammabili-e-liquidi\/\" title=\"Trasporti di materiali infiammabili e liquidi\" ><button type=\"button\" id=\"ubtn-1790\"  class=\"ubtn ult-adjust-bottom-margin ult-responsive ubtn-small ubtn-left-bg  none  ubtn-right   tooltip-69f2389b70440\"  data-hover=\"#FFFFFF\" data-border-color=\"\" data-bg=\"#ED1C24\" data-hover-bg=\"#232331\" data-border-hover=\"\" data-shadow-hover=\"\" data-shadow-click=\"none\" data-shadow=\"\" data-shd-shadow=\"\"  data-ultimate-target='#ubtn-1790'  data-responsive-json-new='{\"font-size\":\"desktop:14px;\",\"line-height\":\"\"}'  style=\"font-weight:normal;border:none;background: #ED1C24;color: #FFFFFF;\"><span class=\"ubtn-hover\" style=\"background-color:#232331\"><\/span><span class=\"ubtn-data ubtn-text \" >SCOPRI DI PI\u00d9<\/span><\/button><\/a><\/div>[\/vc_column_inner][\/vc_row_inner][\/vc_column][\/vc_row][vc_row el_class=&#8221;services1&#8243; css=&#8221;.vc_custom_1734856565745{margin-bottom: 50px !important;}&#8221;][vc_column width=&#8221;1\/2&#8243;][vc_row_inner][vc_column_inner width=&#8221;1\/4&#8243;][vc_icon icon_fontawesome=&#8221;fas fa-plane&#8221; size=&#8221;lg&#8221; align=&#8221;center&#8221; css_animation=&#8221;appear&#8221; css=&#8221;&#8221;][\/vc_column_inner][vc_column_inner width=&#8221;3\/4&#8243;][vc_custom_heading text=&#8221;TRASPORTI AEREI DA E VERSO LA GRECIA&#8221; font_container=&#8221;tag:h3|font_size:18|text_align:left|color:%23111111&#8243; use_theme_fonts=&#8221;yes&#8221; css=&#8221;.vc_custom_1737899664951{margin-bottom: 10px !important;padding-top: 15px !important;}&#8221; link=&#8221;url:https%3A%2F%2Fsitiforwarding.gr%2Fit%2Fservizi%2Ftrasporti-aerei%2F|title:Trasporti%20aerei&#8221;][vc_custom_heading text=&#8221;I trasporti aerei si basano sul tempo, che per il cliente rappresenta &#8220;denaro&#8220;. Con questa prospettiva, la nostra azienda si impegna a selezionare compagnie aeree che&#8230;&#8221; font_container=&#8221;tag:p|font_size:14|text_align:left|color:%23878787&#8243; use_theme_fonts=&#8221;yes&#8221; css=&#8221;.vc_custom_1737898643199{margin-bottom: 20px !important;}&#8221;]<div class=\" ubtn-ctn-right \"><a class=\"ubtn-link ult-adjust-bottom-margin ubtn-right ubtn-small \" href=\"https:\/\/sitiforwarding.gr\/it\/servizi\/trasporti-aerei\/\" title=\"Trasporti aerei\" ><button type=\"button\" id=\"ubtn-8679\"  class=\"ubtn ult-adjust-bottom-margin ult-responsive ubtn-small ubtn-left-bg  none  ubtn-right   tooltip-69f2389b7049f\"  data-hover=\"#FFFFFF\" data-border-color=\"\" data-bg=\"#ED1C24\" data-hover-bg=\"#232331\" data-border-hover=\"\" data-shadow-hover=\"\" data-shadow-click=\"none\" data-shadow=\"\" data-shd-shadow=\"\"  data-ultimate-target='#ubtn-8679'  data-responsive-json-new='{\"font-size\":\"desktop:14px;\",\"line-height\":\"\"}'  style=\"font-weight:normal;border:none;background: #ED1C24;color: #FFFFFF;\"><span class=\"ubtn-hover\" style=\"background-color:#232331\"><\/span><span class=\"ubtn-data ubtn-text \" >SCOPRI DI PI\u00d9<\/span><\/button><\/a><\/div>[\/vc_column_inner][\/vc_row_inner][\/vc_column][vc_column width=&#8221;1\/2&#8243;][vc_row_inner][vc_column_inner width=&#8221;1\/4&#8243;][vc_icon icon_fontawesome=&#8221;fas fa-people-carry&#8221; size=&#8221;lg&#8221; align=&#8221;center&#8221; css_animation=&#8221;appear&#8221; css=&#8221;&#8221;][\/vc_column_inner][vc_column_inner width=&#8221;3\/4&#8243;][vc_custom_heading text=&#8221;SPEDIZIONI ESPRESSE (COURIER) DA E VERSO LA GRECIA&#8221; font_container=&#8221;tag:h3|font_size:18|text_align:left|color:%23111111&#8243; use_theme_fonts=&#8221;yes&#8221; css=&#8221;.vc_custom_1737902440191{margin-bottom: 10px !important;padding-top: 15px !important;}&#8221; link=&#8221;url:https%3A%2F%2Fsitiforwarding.gr%2Fit%2Fservizi%2Fspedizioni-espresse-courier%2F|title:Spedizioni%20espresse%20(courier)&#8221;][vc_custom_heading text=&#8221;La SITI FORWARDING non \u00e8 un&#8217;azienda di spedizioni espresse, tuttavia ha garantito la collaborazione con organizzazioni internazionali di courier dotate di una rete di globale&#8230;&#8221; font_container=&#8221;tag:p|font_size:14|text_align:left|color:%23878787&#8243; use_theme_fonts=&#8221;yes&#8221; css=&#8221;.vc_custom_1737904204931{margin-bottom: 20px !important;}&#8221;]<div class=\" ubtn-ctn-right \"><a class=\"ubtn-link ult-adjust-bottom-margin ubtn-right ubtn-small \" href=\"https:\/\/sitiforwarding.gr\/it\/servizi\/spedizioni-espresse-courier\/\" title=\"Spedizioni espresse (courier)\" ><button type=\"button\" id=\"ubtn-1299\"  class=\"ubtn ult-adjust-bottom-margin ult-responsive ubtn-small ubtn-left-bg  none  ubtn-right   tooltip-69f2389b70505\"  data-hover=\"#FFFFFF\" data-border-color=\"\" data-bg=\"#ED1C24\" data-hover-bg=\"#232331\" data-border-hover=\"\" data-shadow-hover=\"\" data-shadow-click=\"none\" data-shadow=\"\" data-shd-shadow=\"\"  data-ultimate-target='#ubtn-1299'  data-responsive-json-new='{\"font-size\":\"desktop:14px;\",\"line-height\":\"\"}'  style=\"font-weight:normal;border:none;background: #ED1C24;color: #FFFFFF;\"><span class=\"ubtn-hover\" style=\"background-color:#232331\"><\/span><span class=\"ubtn-data ubtn-text \" >SCOPRI DI PI\u00d9<\/span><\/button><\/a><\/div>[\/vc_column_inner][\/vc_row_inner][\/vc_column][\/vc_row][vc_row el_class=&#8221;services1&#8243; css=&#8221;.vc_custom_1734856565745{margin-bottom: 50px !important;}&#8221;][vc_column width=&#8221;1\/2&#8243;][vc_row_inner][vc_column_inner width=&#8221;1\/4&#8243;][vc_icon icon_fontawesome=&#8221;fas fa-lightbulb&#8221; size=&#8221;lg&#8221; align=&#8221;center&#8221; css_animation=&#8221;appear&#8221; css=&#8221;&#8221;][\/vc_column_inner][vc_column_inner width=&#8221;3\/4&#8243;][vc_custom_heading text=&#8221;STUDI E PROPOSTE PER L&#8217;ESECUZIONE DI PROGETTI DI TRASPORTO &#8216;COST AND VALUE'&#8221; font_container=&#8221;tag:h3|font_size:18|text_align:left|color:%23111111&#8243; use_theme_fonts=&#8221;yes&#8221; css=&#8221;.vc_custom_1737904158401{margin-bottom: 10px !important;padding-top: 15px !important;}&#8221; link=&#8221;url:https%3A%2F%2Fsitiforwarding.gr%2Fit%2Fservizi%2Fstudi-e-proposte%2F|title:Studi%20e%20proposte&#8221;][vc_custom_heading text=&#8221;Molto spesso le aziende conducono ricerche di mercato per scegliere la soluzione pi\u00f9 adatta possibile per l&#8217;esecuzione di un progetto di trasporto, sulla base di&#8230;&#8221; font_container=&#8221;tag:p|font_size:14|text_align:left|color:%23878787&#8243; use_theme_fonts=&#8221;yes&#8221; css=&#8221;.vc_custom_1737903911700{margin-bottom: 20px !important;}&#8221;]<div class=\" ubtn-ctn-right \"><a class=\"ubtn-link ult-adjust-bottom-margin ubtn-right ubtn-small \" href=\"https:\/\/sitiforwarding.gr\/it\/servizi\/studi-e-proposte\/\" title=\"Studi e proposte\" ><button type=\"button\" id=\"ubtn-8124\"  class=\"ubtn ult-adjust-bottom-margin ult-responsive ubtn-small ubtn-left-bg  none  ubtn-right   tooltip-69f2389b70577\"  data-hover=\"#FFFFFF\" data-border-color=\"\" data-bg=\"#ED1C24\" data-hover-bg=\"#232331\" data-border-hover=\"\" data-shadow-hover=\"\" data-shadow-click=\"none\" data-shadow=\"\" data-shd-shadow=\"\"  data-ultimate-target='#ubtn-8124'  data-responsive-json-new='{\"font-size\":\"desktop:14px;\",\"line-height\":\"\"}'  style=\"font-weight:normal;border:none;background: #ED1C24;color: #FFFFFF;\"><span class=\"ubtn-hover\" style=\"background-color:#232331\"><\/span><span class=\"ubtn-data ubtn-text \" >SCOPRI DI PI\u00d9<\/span><\/button><\/a><\/div>[\/vc_column_inner][\/vc_row_inner][\/vc_column][vc_column width=&#8221;1\/2&#8243;][vc_row_inner][vc_column_inner width=&#8221;1\/4&#8243;][vc_icon icon_fontawesome=&#8221;fas fa-search&#8221; size=&#8221;lg&#8221; align=&#8221;center&#8221; css_animation=&#8221;appear&#8221; css=&#8221;&#8221;][\/vc_column_inner][vc_column_inner width=&#8221;3\/4&#8243;][vc_custom_heading text=&#8221;RICERCHE DI FATTIBILIT\u00c0 PER TRASPORTI DA PAESI &#8216;OFF THE BEATEN PATH'&#8221; font_container=&#8221;tag:h3|font_size:18|text_align:left|color:%23111111&#8243; use_theme_fonts=&#8221;yes&#8221; css=&#8221;.vc_custom_1737902861473{margin-bottom: 10px !important;padding-top: 15px !important;}&#8221; link=&#8221;url:https%3A%2F%2Fsitiforwarding.gr%2Fit%2Fservizi%2Fricerche-sulle-possibilita-di-trasporto%2F|title:Ricerche%20sulle%20possibilit%C3%A0%20di%20trasporto&#8221;][vc_custom_heading text=&#8221;Le difficili congiunture economiche hanno indirizzato l&#8217;interesse di molti verso i mercati dei cosiddetti paesi \u2018off the beaten path\u2019, molti dei quali per\u00f2&#8230;&#8221; font_container=&#8221;tag:p|font_size:14|text_align:left|color:%23878787&#8243; use_theme_fonts=&#8221;yes&#8221; css=&#8221;.vc_custom_1734858146187{margin-bottom: 20px !important;}&#8221;]<div class=\" ubtn-ctn-right \"><a class=\"ubtn-link ult-adjust-bottom-margin ubtn-right ubtn-small \" href=\"https:\/\/sitiforwarding.gr\/it\/servizi\/ricerche-sulle-possibilita-di-trasporto\/\" title=\"Ricerche sulle possibilit\u00e0 di trasporto\" ><button type=\"button\" id=\"ubtn-4726\"  class=\"ubtn ult-adjust-bottom-margin ult-responsive ubtn-small ubtn-left-bg  none  ubtn-right   tooltip-69f2389b705d2\"  data-hover=\"#FFFFFF\" data-border-color=\"\" data-bg=\"#ED1C24\" data-hover-bg=\"#232331\" data-border-hover=\"\" data-shadow-hover=\"\" data-shadow-click=\"none\" data-shadow=\"\" data-shd-shadow=\"\"  data-ultimate-target='#ubtn-4726'  data-responsive-json-new='{\"font-size\":\"desktop:14px;\",\"line-height\":\"\"}'  style=\"font-weight:normal;border:none;background: #ED1C24;color: #FFFFFF;\"><span class=\"ubtn-hover\" style=\"background-color:#232331\"><\/span><span class=\"ubtn-data ubtn-text \" >SCOPRI DI PI\u00d9<\/span><\/button><\/a><\/div>[\/vc_column_inner][\/vc_row_inner][\/vc_column][\/vc_row][vc_row full_width=&#8221;stretch_row&#8221; css=&#8221;.vc_custom_1435652900959{margin-bottom: 0px !important;border-top-width: 1px !important;padding-top: 50px !important;padding-bottom: 50px !important;background-color: #eeeeee !important;border-top-color: #dddddd !important;border-top-style: solid !important;}&#8221; el_class=&#8221;align-right&#8221;][vc_column width=&#8221;2\/3&#8243; css=&#8221;.vc_custom_1460444331430{padding-top: 0px !important;padding-bottom: 0px !important;}&#8221;][vc_custom_heading text=&#8221;Non sei sicuro di quale soluzione si adatti alle tue esigenze aziendali?&#8221; font_container=&#8221;tag:h3|font_size:18|text_align:left|color:%23111111&#8243; use_theme_fonts=&#8221;yes&#8221; css=&#8221;.vc_custom_1734852483843{margin-top: 10px !important;}&#8221;][\/vc_column][vc_column width=&#8221;1\/3&#8243; css=&#8221;.vc_custom_1460444338315{padding-top: 0px !important;padding-bottom: 0px !important;}&#8221;][thememove_button text=&#8221;CONTATTACI&#8221; url=&#8221;\/it\/contatti\/&#8221;][\/vc_column][\/vc_row]<\/p>\n<\/div>","protected":false},"excerpt":{"rendered":"<p>[vc_row css=&#8221;.vc_custom_1435220468505{margin-bottom: 0px !important;padding-top: 70px !important;padding-bottom: 50px !important;}&#8221; el_class=&#8221;services1&#8243;][vc_column css=&#8221;.vc_custom_1460365725131{padding-top: 0px !important;padding-bottom: 0px !important;}&#8221;][vc_custom_heading text=&#8221;I Nostri Servizi&#8221; font_container=&#8221;tag:h2|text_align:center|color:%23111111&#8243; use_theme_fonts=&#8221;yes&#8221; css=&#8221;.vc_custom_1734463244035{margin-bottom: [&hellip;]<\/p>\n","protected":false},"author":1,"featured_media":0,"parent":0,"menu_order":0,"comment_status":"closed","ping_status":"closed","template":"","meta":{"footnotes":""},"class_list":["post-577","page","type-page","status-publish","hentry"],"_links":{"self":[{"href":"https:\/\/sitiforwarding.gr\/it\/wp-json\/wp\/v2\/pages\/577","targetHints":{"allow":["GET"]}}],"collection":[{"href":"https:\/\/sitiforwarding.gr\/it\/wp-json\/wp\/v2\/pages"}],"about":[{"href":"https:\/\/sitiforwarding.gr\/it\/wp-json\/wp\/v2\/types\/page"}],"author":[{"embeddable":true,"href":"https:\/\/sitiforwarding.gr\/it\/wp-json\/wp\/v2\/users\/1"}],"replies":[{"embeddable":true,"href":"https:\/\/sitiforwarding.gr\/it\/wp-json\/wp\/v2\/comments?post=577"}],"version-history":[{"count":19,"href":"https:\/\/sitiforwarding.gr\/it\/wp-json\/wp\/v2\/pages\/577\/revisions"}],"predecessor-version":[{"id":893,"href":"https:\/\/sitiforwarding.gr\/it\/wp-json\/wp\/v2\/pages\/577\/revisions\/893"}],"wp:attachment":[{"href":"https:\/\/sitiforwarding.gr\/it\/wp-json\/wp\/v2\/media?parent=577"}],"curies":[{"name":"wp","href":"https:\/\/api.w.org\/{rel}","templated":true}]}}