{"id":616,"date":"2024-12-22T14:21:24","date_gmt":"2024-12-22T11:21:24","guid":{"rendered":"https:\/\/sitiforwarding.gr\/notizie\/"},"modified":"2025-02-02T12:54:58","modified_gmt":"2025-02-02T09:54:58","slug":"notizie","status":"publish","type":"page","link":"https:\/\/sitiforwarding.gr\/it\/notizie\/","title":{"rendered":"Notizie"},"content":{"rendered":"<div class=\"wpb-content-wrapper\"><p>[vc_row][vc_column]<div class=\"smile-icon-timeline-wrap csstime   \"  data-time_sep_bg_color=\"#DD3333\"  data-time_sep_color=\"#FFFFFF\" style=\"\"><div class=\"timeline-line \" style=\"border-right-color:;\"><span><\/span><\/div><div class=\"timeline-wrapper\"><\/div>\n\t\t\t\t<div id=\"timeline-seperator-3517\" class=\"timeline-separator-text \" data-sep-col=\"#FFFFFF\" data-sep-bg-col=\"\"><span class=\"sep-text ult-responsive\"  data-ultimate-target='#timeline-seperator-3517 .sep-text'  data-responsive-json-new='{\"font-size\":\"desktop:16px;\",\"line-height\":\"\"}'  style=\"color:#FFFFFF;border-width:1px;border-radius:5px;\">1983<\/span><\/div><div class=\"timeline-wrapper \"><div class=\"timeline-block \"><div class=\"timeline-dot\"><\/div><div class=\"ult-timeline-arrow\"><s><\/s><l><\/l><\/div><div class=\"timeline-icon-block\"><div class=\"ult-timeline-icon tl-icon-no-bg\" style=\"   \"><\/div> <!-- icon --><\/div><div class=\"timeline-header-block\" >\n\t\t\t\t\t\t\t<div id=\"timeline-item-6326\" class=\"timeline-header\" style=\"\"><h2 class=\"ult-timeline-title ult-responsive\"  data-ultimate-target='#timeline-item-6326 .ult-timeline-title'  data-responsive-json-new='{\"font-size\":\"\",\"line-height\":\"\"}'  style=\"\">Fondazione di SITI Forwarding<\/h2><div class=\"ult-responsive timeline-item-spt\"  data-ultimate-target='#timeline-item-6326 .timeline-item-spt'  data-responsive-json-new='{\"font-size\":\"\",\"line-height\":\"\"}'  style=\"\"><span style=\"font-size: 12pt;\">SITI Forwarding \u00e8 stata fondata con la visione di offrire servizi di qualit\u00e0 ai prezzi pi\u00f9 competitivi del mercato, in un ambiente di trasporto particolarmente esigente.<\/span><\/div><\/div> <!-- header --><\/div><\/div><\/div>\n\t\t\t\t<div id=\"timeline-seperator-9387\" class=\"timeline-separator-text \" data-sep-col=\"#FFFFFF\" data-sep-bg-col=\"\"><span class=\"sep-text ult-responsive\"  data-ultimate-target='#timeline-seperator-9387 .sep-text'  data-responsive-json-new='{\"font-size\":\"desktop:16px;\",\"line-height\":\"\"}'  style=\"color:#FFFFFF;border-width:1px;border-radius:5px;\">2019<\/span><\/div><div class=\"timeline-wrapper \"><div class=\"timeline-block \"><div class=\"timeline-dot\"><\/div><div class=\"ult-timeline-arrow\"><s><\/s><l><\/l><\/div><div class=\"timeline-icon-block\"><div class=\"ult-timeline-icon tl-icon-no-bg\" style=\"   \"><\/div> <!-- icon --><\/div><div class=\"timeline-header-block\" >\n\t\t\t\t\t\t\t<div id=\"timeline-item-4031\" class=\"timeline-header\" style=\"\"><h2 class=\"ult-timeline-title ult-responsive\"  data-ultimate-target='#timeline-item-4031 .ult-timeline-title'  data-responsive-json-new='{\"font-size\":\"\",\"line-height\":\"\"}'  style=\"\">Nuovi uffici di propriet\u00e0.<\/h2><div class=\"ult-responsive timeline-item-spt\"  data-ultimate-target='#timeline-item-4031 .timeline-item-spt'  data-responsive-json-new='{\"font-size\":\"\",\"line-height\":\"\"}'  style=\"\"><span style=\"font-size: 12pt;\">La nostra azienda si \u00e8 trasferita oggi nei nuovi uffici di propriet\u00e0 ad Atene, situati in via <strong>Kremou 218<\/strong>, nella zona di Kallithea.<\/span><\/div><\/div> <!-- header --><\/div><\/div><\/div>\n\t\t\t\t<div id=\"timeline-seperator-4991\" class=\"timeline-separator-text \" data-sep-col=\"#FFFFFF\" data-sep-bg-col=\"\"><span class=\"sep-text ult-responsive\"  data-ultimate-target='#timeline-seperator-4991 .sep-text'  data-responsive-json-new='{\"font-size\":\"desktop:16px;\",\"line-height\":\"\"}'  style=\"color:#FFFFFF;border-width:1px;border-radius:5px;\">2020<\/span><\/div><div class=\"timeline-wrapper \"><div class=\"timeline-block \"><div class=\"timeline-dot\"><\/div><div class=\"ult-timeline-arrow\"><s><\/s><l><\/l><\/div><div class=\"timeline-icon-block\"><div class=\"ult-timeline-icon tl-icon-no-bg\" style=\"   \"><\/div> <!-- icon --><\/div><div class=\"timeline-header-block\" >\n\t\t\t\t\t\t\t<div id=\"timeline-item-9775\" class=\"timeline-header\" style=\"\"><h2 class=\"ult-timeline-title ult-responsive\"  data-ultimate-target='#timeline-item-9775 .ult-timeline-title'  data-responsive-json-new='{\"font-size\":\"\",\"line-height\":\"\"}'  style=\"\">Collaborazione con BCUBE SPA<\/h2><div class=\"ult-responsive timeline-item-spt\"  data-ultimate-target='#timeline-item-9775 .timeline-item-spt'  data-responsive-json-new='{\"font-size\":\"\",\"line-height\":\"\"}'  style=\"\"><span style=\"font-size: 12pt;\">La <strong>SITI FORWARDING<\/strong> annuncia con grande piacere l\u2019inizio della collaborazione con la multinazionale di fama internazionale <strong>BCUBE SPA<\/strong>, con l\u2019obiettivo di sviluppare ulteriormente la rete di trasporti di emergenza speciale da e verso l\u2019Italia, offrendo ai suoi clienti ancora pi\u00f9 possibilit\u00e0 e comodit\u00e0.<\/span><\/div><\/div> <!-- header --><\/div><\/div><\/div><\/div>[\/vc_column][\/vc_row][vc_row full_width=&#8221;stretch_row&#8221; css=&#8221;.vc_custom_1435652900959{margin-bottom: 0px !important;border-top-width: 1px !important;padding-top: 50px !important;padding-bottom: 50px !important;background-color: #eeeeee !important;border-top-color: #dddddd !important;border-top-style: solid !important;}&#8221; el_class=&#8221;align-right&#8221;][vc_column width=&#8221;2\/3&#8243; css=&#8221;.vc_custom_1460444331430{padding-top: 0px !important;padding-bottom: 0px !important;}&#8221;][vc_custom_heading text=&#8221;Non sei sicuro di quale soluzione si adatti alle tue esigenze aziendali?&#8221; font_container=&#8221;tag:h3|font_size:18|text_align:left|color:%23111111&#8243; use_theme_fonts=&#8221;yes&#8221; css=&#8221;.vc_custom_1734852483843{margin-top: 10px !important;}&#8221;][\/vc_column][vc_column width=&#8221;1\/3&#8243; css=&#8221;.vc_custom_1460444338315{padding-top: 0px !important;padding-bottom: 0px !important;}&#8221;][thememove_button text=&#8221;Contattaci&#8221; url=&#8221;\/sitiforwarding.gr\/epikoinonia\/&#8221;][\/vc_column][\/vc_row]<\/p>\n<\/div>","protected":false},"excerpt":{"rendered":"<p>[vc_row][vc_column][\/vc_column][\/vc_row][vc_row full_width=&#8221;stretch_row&#8221; css=&#8221;.vc_custom_1435652900959{margin-bottom: 0px !important;border-top-width: 1px !important;padding-top: 50px !important;padding-bottom: 50px !important;background-color: #eeeeee !important;border-top-color: #dddddd !important;border-top-style: solid !important;}&#8221; el_class=&#8221;align-right&#8221;][vc_column width=&#8221;2\/3&#8243; css=&#8221;.vc_custom_1460444331430{padding-top: [&hellip;]<\/p>\n","protected":false},"author":1,"featured_media":0,"parent":0,"menu_order":0,"comment_status":"closed","ping_status":"closed","template":"","meta":{"footnotes":""},"class_list":["post-616","page","type-page","status-publish","hentry"],"_links":{"self":[{"href":"https:\/\/sitiforwarding.gr\/it\/wp-json\/wp\/v2\/pages\/616","targetHints":{"allow":["GET"]}}],"collection":[{"href":"https:\/\/sitiforwarding.gr\/it\/wp-json\/wp\/v2\/pages"}],"about":[{"href":"https:\/\/sitiforwarding.gr\/it\/wp-json\/wp\/v2\/types\/page"}],"author":[{"embeddable":true,"href":"https:\/\/sitiforwarding.gr\/it\/wp-json\/wp\/v2\/users\/1"}],"replies":[{"embeddable":true,"href":"https:\/\/sitiforwarding.gr\/it\/wp-json\/wp\/v2\/comments?post=616"}],"version-history":[{"count":5,"href":"https:\/\/sitiforwarding.gr\/it\/wp-json\/wp\/v2\/pages\/616\/revisions"}],"predecessor-version":[{"id":780,"href":"https:\/\/sitiforwarding.gr\/it\/wp-json\/wp\/v2\/pages\/616\/revisions\/780"}],"wp:attachment":[{"href":"https:\/\/sitiforwarding.gr\/it\/wp-json\/wp\/v2\/media?parent=616"}],"curies":[{"name":"wp","href":"https:\/\/api.w.org\/{rel}","templated":true}]}}